{"id":16,"date":"2017-02-09T14:48:41","date_gmt":"2017-02-09T13:48:41","guid":{"rendered":"http:\/\/neu.kieferpraxis.de\/?page_id=16"},"modified":"2025-10-06T14:18:03","modified_gmt":"2025-10-06T12:18:03","slug":"leistungsspektrum","status":"publish","type":"page","link":"https:\/\/www.kieferpraxis.de\/en\/leistungsspektrum\/","title":{"rendered":"Services"},"content":{"rendered":"<p><\/p>\n<h1>Services<\/h1>\n<p>At the following Sites we give you a review about us and our work.<\/p>\n<p>Please red the entries below :<\/p>\n<ul>\n<li>Dental surgery<\/li>\n<li>Implantology<\/li>\n<li>Periodontal surgery<\/li>\n<li>Pre-prosthetic surgery<\/li>\n<li>Ridge augmentation<\/li>\n<li>Postoperative care<\/li>\n<\/ul>\n<p><\/p>","protected":false},"excerpt":{"rendered":"Services At the following Sites we give you a review about us and our work. Please red the entries below : Dental surgery Implantology Periodontal surgery Pre-prosthetic surgery Ridge augmentation Postoperative care","protected":false},"author":1,"featured_media":0,"parent":0,"menu_order":0,"comment_status":"closed","ping_status":"closed","template":"","meta":{"footnotes":""},"class_list":["post-16","page","type-page","status-publish","hentry"],"yoast_head":"<!-- This site is optimized with the Yoast SEO plugin v27.5 - https:\/\/yoast.com\/product\/yoast-seo-wordpress\/ -->\n<title>Leistungsspektrum | MKG Neuss | Kieferchirurgie | Praxis Dr. Walter Kaiser<\/title>\n<meta name=\"description\" content=\"Ihr MKG in Neuss informiert Sie \u00fcber das vielf\u00e4ltige Leistungsspektrum | Wir bieten viele M\u00f6glichkeiten der modernen Kieferchirurgie\" \/>\n<meta name=\"robots\" content=\"index, follow, max-snippet:-1, max-image-preview:large, max-video-preview:-1\" \/>\n<link rel=\"canonical\" href=\"https:\/\/www.kieferpraxis.de\/en\/leistungsspektrum\/\" \/>\n<meta property=\"og:locale\" content=\"en_US\" \/>\n<meta property=\"og:type\" content=\"article\" \/>\n<meta property=\"og:title\" content=\"Leistungsspektrum | MKG Neuss | Kieferchirurgie | Praxis Dr. Walter Kaiser\" \/>\n<meta property=\"og:description\" content=\"Ihr MKG in Neuss informiert Sie \u00fcber das vielf\u00e4ltige Leistungsspektrum | Wir bieten viele M\u00f6glichkeiten der modernen Kieferchirurgie\" \/>\n<meta property=\"og:url\" content=\"https:\/\/www.kieferpraxis.de\/en\/leistungsspektrum\/\" \/>\n<meta property=\"og:site_name\" content=\"Oral and Maxillofacial Surgery Neuss | Dr. Walter Kaiser\" \/>\n<meta property=\"article:modified_time\" content=\"2025-10-06T12:18:03+00:00\" \/>\n<meta name=\"twitter:card\" content=\"summary_large_image\" \/>\n<meta name=\"twitter:label1\" content=\"Est. reading time\" \/>\n\t<meta name=\"twitter:data1\" content=\"1 minute\" \/>\n<script type=\"application\/ld+json\" class=\"yoast-schema-graph\">{\"@context\":\"https:\\\/\\\/schema.org\",\"@graph\":[{\"@type\":\"WebPage\",\"@id\":\"https:\\\/\\\/www.kieferpraxis.de\\\/en\\\/leistungsspektrum\\\/\",\"url\":\"https:\\\/\\\/www.kieferpraxis.de\\\/en\\\/leistungsspektrum\\\/\",\"name\":\"Leistungsspektrum | MKG Neuss | Kieferchirurgie | Praxis Dr. Walter Kaiser\",\"isPartOf\":{\"@id\":\"https:\\\/\\\/www.kieferpraxis.de\\\/en\\\/#website\"},\"datePublished\":\"2017-02-09T13:48:41+00:00\",\"dateModified\":\"2025-10-06T12:18:03+00:00\",\"description\":\"Ihr MKG in Neuss informiert Sie \u00fcber das vielf\u00e4ltige Leistungsspektrum | Wir bieten viele M\u00f6glichkeiten der modernen Kieferchirurgie\",\"breadcrumb\":{\"@id\":\"https:\\\/\\\/www.kieferpraxis.de\\\/en\\\/leistungsspektrum\\\/#breadcrumb\"},\"inLanguage\":\"en-US\",\"potentialAction\":[{\"@type\":\"ReadAction\",\"target\":[[\"https:\\\/\\\/www.kieferpraxis.de\\\/en\\\/leistungsspektrum\\\/\"]]}]},{\"@type\":\"BreadcrumbList\",\"@id\":\"https:\\\/\\\/www.kieferpraxis.de\\\/en\\\/leistungsspektrum\\\/#breadcrumb\",\"itemListElement\":[{\"@type\":\"ListItem\",\"position\":1,\"name\":\"Home\",\"item\":\"https:\\\/\\\/www.kieferpraxis.de\\\/en\\\/\"},{\"@type\":\"ListItem\",\"position\":2,\"name\":\"Services\"}]},{\"@type\":\"WebSite\",\"@id\":\"https:\\\/\\\/www.kieferpraxis.de\\\/en\\\/#website\",\"url\":\"https:\\\/\\\/www.kieferpraxis.de\\\/en\\\/\",\"name\":\"Oral and Maxillofacial Surgery Neuss | Dr. Walter Kaiser\",\"description\":\"Oral and Maxillofacial Surgery Neuss | Dr. Walter Kaiser\",\"potentialAction\":[{\"@type\":\"SearchAction\",\"target\":{\"@type\":\"EntryPoint\",\"urlTemplate\":\"https:\\\/\\\/www.kieferpraxis.de\\\/en\\\/?s={search_term_string}\"},\"query-input\":{\"@type\":\"PropertyValueSpecification\",\"valueRequired\":true,\"valueName\":\"search_term_string\"}}],\"inLanguage\":\"en-US\"}]}<\/script>\n<!-- \/ Yoast SEO plugin. -->","yoast_head_json":{"title":"Leistungsspektrum | MKG Neuss | Kieferchirurgie | Praxis Dr. Walter Kaiser","description":"Ihr MKG in Neuss informiert Sie \u00fcber das vielf\u00e4ltige Leistungsspektrum | Wir bieten viele M\u00f6glichkeiten der modernen Kieferchirurgie","robots":{"index":"index","follow":"follow","max-snippet":"max-snippet:-1","max-image-preview":"max-image-preview:large","max-video-preview":"max-video-preview:-1"},"canonical":"https:\/\/www.kieferpraxis.de\/en\/leistungsspektrum\/","og_locale":"en_US","og_type":"article","og_title":"Leistungsspektrum | MKG Neuss | Kieferchirurgie | Praxis Dr. Walter Kaiser","og_description":"Ihr MKG in Neuss informiert Sie \u00fcber das vielf\u00e4ltige Leistungsspektrum | Wir bieten viele M\u00f6glichkeiten der modernen Kieferchirurgie","og_url":"https:\/\/www.kieferpraxis.de\/en\/leistungsspektrum\/","og_site_name":"Oral and Maxillofacial Surgery Neuss | Dr. Walter Kaiser","article_modified_time":"2025-10-06T12:18:03+00:00","twitter_card":"summary_large_image","twitter_misc":{"Est. reading time":"1 minute"},"schema":{"@context":"https:\/\/schema.org","@graph":[{"@type":"WebPage","@id":"https:\/\/www.kieferpraxis.de\/en\/leistungsspektrum\/","url":"https:\/\/www.kieferpraxis.de\/en\/leistungsspektrum\/","name":"Leistungsspektrum | MKG Neuss | Kieferchirurgie | Praxis Dr. Walter Kaiser","isPartOf":{"@id":"https:\/\/www.kieferpraxis.de\/en\/#website"},"datePublished":"2017-02-09T13:48:41+00:00","dateModified":"2025-10-06T12:18:03+00:00","description":"Ihr MKG in Neuss informiert Sie \u00fcber das vielf\u00e4ltige Leistungsspektrum | Wir bieten viele M\u00f6glichkeiten der modernen Kieferchirurgie","breadcrumb":{"@id":"https:\/\/www.kieferpraxis.de\/en\/leistungsspektrum\/#breadcrumb"},"inLanguage":"en-US","potentialAction":[{"@type":"ReadAction","target":[["https:\/\/www.kieferpraxis.de\/en\/leistungsspektrum\/"]]}]},{"@type":"BreadcrumbList","@id":"https:\/\/www.kieferpraxis.de\/en\/leistungsspektrum\/#breadcrumb","itemListElement":[{"@type":"ListItem","position":1,"name":"Home","item":"https:\/\/www.kieferpraxis.de\/en\/"},{"@type":"ListItem","position":2,"name":"Services"}]},{"@type":"WebSite","@id":"https:\/\/www.kieferpraxis.de\/en\/#website","url":"https:\/\/www.kieferpraxis.de\/en\/","name":"Oral and Maxillofacial Surgery Neuss | Dr. Walter Kaiser","description":"Oral and Maxillofacial Surgery Neuss | Dr. Walter Kaiser","potentialAction":[{"@type":"SearchAction","target":{"@type":"EntryPoint","urlTemplate":"https:\/\/www.kieferpraxis.de\/en\/?s={search_term_string}"},"query-input":{"@type":"PropertyValueSpecification","valueRequired":true,"valueName":"search_term_string"}}],"inLanguage":"en-US"}]}},"_links":{"self":[{"href":"https:\/\/www.kieferpraxis.de\/en\/wp-json\/wp\/v2\/pages\/16","targetHints":{"allow":["GET"]}}],"collection":[{"href":"https:\/\/www.kieferpraxis.de\/en\/wp-json\/wp\/v2\/pages"}],"about":[{"href":"https:\/\/www.kieferpraxis.de\/en\/wp-json\/wp\/v2\/types\/page"}],"author":[{"embeddable":true,"href":"https:\/\/www.kieferpraxis.de\/en\/wp-json\/wp\/v2\/users\/1"}],"replies":[{"embeddable":true,"href":"https:\/\/www.kieferpraxis.de\/en\/wp-json\/wp\/v2\/comments?post=16"}],"version-history":[{"count":0,"href":"https:\/\/www.kieferpraxis.de\/en\/wp-json\/wp\/v2\/pages\/16\/revisions"}],"wp:attachment":[{"href":"https:\/\/www.kieferpraxis.de\/en\/wp-json\/wp\/v2\/media?parent=16"}],"curies":[{"name":"wp","href":"https:\/\/api.w.org\/{rel}","templated":true}]}}