{"id":21,"date":"2017-02-09T15:02:02","date_gmt":"2017-02-09T14:02:02","guid":{"rendered":"http:\/\/neu.kieferpraxis.de\/?page_id=21"},"modified":"2020-06-19T09:59:04","modified_gmt":"2020-06-19T07:59:04","slug":"zahnaerztliche-chirurgie","status":"publish","type":"page","link":"https:\/\/www.kieferpraxis.de\/en\/leistungsspektrum\/zahnaerztliche-chirurgie\/","title":{"rendered":"Dental surgery"},"content":{"rendered":"<p><\/p>\n<h1>Dental surgery<\/h1>\n<h2>1. 1. Tooth extraction<\/h2>\n<p>There are various reasons why a tooth can no longer be saved or why it does more harm than good in the oral cavity.<\/p>\n<ul>\n<li>A crown may be destroyed beyond repair.<\/li>\n<li>A tooth may be loosened by a periodontal problem.<\/li>\n<li>A root may be inflamed and can no longer be salvaged by surgery.<\/li>\n<li>A wisdom tooth may displace or damage other teeth.<\/li>\n<li>A tooth may be supernumerary.<\/li>\n<li>A tooth may cause crowding and has to be removed for orthodontic treatment.<\/li>\n<li>A damaged tooth may have to be extracted prophylactically before radiotherapy or heart surgery.<\/li>\n<li>A tooth cannot be fitted into a planned prosthodontic treatment concept without jeopardizing the treatment outcome.<\/li>\n<li>A root may be severely injured in an accident, so that the tooth can no longer be saved.<\/li>\n<li>A deciduous tooth may not come off in time and interferes with the eruption of the permanent tooth.<\/li>\n<\/ul>\n<p>Often enough, teeth can be extracted in local anesthesia. High-risk patients may need <b>cardio-circulatory monitoring<\/b> by an anesthetist. At times, <b>general anesthesia with endotracheal intubation<\/b> may be required. But, of course, it is also possible to opt for a sedative and a local anesthetic <b>(&#8220;sedoanalgesia&#8221;)<\/b> instead.<\/p>\n<p>In any case, the treatment most adequate to your needs will be defined pre-operatively together with you. <\/p>\n<h2>2. Apicoectomy<\/h2>\n<p>Inflammatory conditions extending beyond the root canals into the bone may not be accessible by standard dental treatment. But the tooth affected may still be salvaged in many cases by removing the tip of its root surgically.<\/p>\n<p>Once a major defect has developed in the bone secondary to an inflammatory process, bone substitutes packed into the defect may help the body to regenerate the bone and to improve the chances of a successful restoration.<\/p>\n<p>The options for analgesia and sedation are the same as for tooth extractions.<\/p>\n<p><b>Root canaling &#8211; endodontics<\/b><\/p>\n<p>Endodontics is the medical term used for root canal treatment. When the root tips of inflamed teeth have to be removed surgically (apicoectomy), the root canals often also need filling.<\/p>\n<p>Two variants of root canaling are distinguished:<\/p>\n<h2>1. Retrograde filling<\/h2>\n<p>When a tooth has had prior root canal treatment, it may sometimes be necessary to prepare and fill the root canal through the operated root tip. This is called retrograde filling. It is not easy because of the limited space available for maneuvering. But thanks to sophisticated minimally invasive surgical techniques retrograde filling can be successfully done even in the posterior jaw and at sites difficult to access.<\/p>\n<h2>2. Orthograde filling<\/h2>\n<p>When a tooth has not had prior root canal treatment, the root canals are filled through the crown during surgery. This is called orthograde filling.<\/p>\n<p>To improve the outcome of these procedures, which are often done in areas not easily seen, the surgical microscope is very useful. It helps to see and treat structures, which cannot be seen by the naked eye, and thus substantially increases the chances of a successful restoration.<\/p>\n<p>If a major defect has developed in the bone secondary to an inflammatory process, bone substitutes packed into the defect may help the body to regenerate the bone. Again this improves the chances of a successful restoration<\/p>","protected":false},"excerpt":{"rendered":"Dental surgery 1. 1. Tooth extraction There are various reasons why a tooth can no longer be saved or why it does more harm than good in the oral cavity. A crown may be destroyed beyond repair. A tooth may be loosened by a periodontal problem. A root may be inflamed and can no longer [&hellip;]","protected":false},"author":1,"featured_media":0,"parent":16,"menu_order":0,"comment_status":"closed","ping_status":"closed","template":"","meta":{"footnotes":""},"class_list":["post-21","page","type-page","status-publish","hentry"],"yoast_head":"<!-- This site is optimized with the Yoast SEO plugin v27.5 - https:\/\/yoast.com\/product\/yoast-seo-wordpress\/ -->\n<title>Zahn\u00e4rztliche Chirurgie Neuss | Kieferchirurgie | Praxis Dr. Walther Kaiser<\/title>\n<meta name=\"description\" content=\"Zahn\u00e4rztliche Chirurgie bei Ihrem MKG in Neuss | Wir beraten Sie individuell welche Behandlung f\u00fcr Sie sinnvoll ist | Beratungstermine unter 02131 \u2013 27 0 26\" \/>\n<meta name=\"robots\" content=\"index, follow, max-snippet:-1, max-image-preview:large, max-video-preview:-1\" \/>\n<link rel=\"canonical\" href=\"https:\/\/www.kieferpraxis.de\/en\/leistungsspektrum\/zahnaerztliche-chirurgie\/\" \/>\n<meta property=\"og:locale\" content=\"en_US\" \/>\n<meta property=\"og:type\" content=\"article\" \/>\n<meta property=\"og:title\" content=\"Zahn\u00e4rztliche Chirurgie Neuss | Kieferchirurgie | Praxis Dr. Walther Kaiser\" \/>\n<meta property=\"og:description\" content=\"Zahn\u00e4rztliche Chirurgie bei Ihrem MKG in Neuss | Wir beraten Sie individuell welche Behandlung f\u00fcr Sie sinnvoll ist | Beratungstermine unter 02131 \u2013 27 0 26\" \/>\n<meta property=\"og:url\" content=\"https:\/\/www.kieferpraxis.de\/en\/leistungsspektrum\/zahnaerztliche-chirurgie\/\" \/>\n<meta property=\"og:site_name\" content=\"Oral and Maxillofacial Surgery Neuss | Dr. Walter Kaiser\" \/>\n<meta property=\"article:modified_time\" content=\"2020-06-19T07:59:04+00:00\" \/>\n<meta name=\"twitter:card\" content=\"summary_large_image\" \/>\n<meta name=\"twitter:label1\" content=\"Est. reading time\" \/>\n\t<meta name=\"twitter:data1\" content=\"5 minutes\" \/>\n<script type=\"application\/ld+json\" class=\"yoast-schema-graph\">{\"@context\":\"https:\\\/\\\/schema.org\",\"@graph\":[{\"@type\":\"WebPage\",\"@id\":\"https:\\\/\\\/www.kieferpraxis.de\\\/en\\\/leistungsspektrum\\\/zahnaerztliche-chirurgie\\\/\",\"url\":\"https:\\\/\\\/www.kieferpraxis.de\\\/en\\\/leistungsspektrum\\\/zahnaerztliche-chirurgie\\\/\",\"name\":\"Zahn\u00e4rztliche Chirurgie Neuss | Kieferchirurgie | Praxis Dr. Walther Kaiser\",\"isPartOf\":{\"@id\":\"https:\\\/\\\/www.kieferpraxis.de\\\/en\\\/#website\"},\"datePublished\":\"2017-02-09T14:02:02+00:00\",\"dateModified\":\"2020-06-19T07:59:04+00:00\",\"description\":\"Zahn\u00e4rztliche Chirurgie bei Ihrem MKG in Neuss | Wir beraten Sie individuell welche Behandlung f\u00fcr Sie sinnvoll ist | Beratungstermine unter 02131 \u2013 27 0 26\",\"breadcrumb\":{\"@id\":\"https:\\\/\\\/www.kieferpraxis.de\\\/en\\\/leistungsspektrum\\\/zahnaerztliche-chirurgie\\\/#breadcrumb\"},\"inLanguage\":\"en-US\",\"potentialAction\":[{\"@type\":\"ReadAction\",\"target\":[[\"https:\\\/\\\/www.kieferpraxis.de\\\/en\\\/leistungsspektrum\\\/zahnaerztliche-chirurgie\\\/\"]]}]},{\"@type\":\"BreadcrumbList\",\"@id\":\"https:\\\/\\\/www.kieferpraxis.de\\\/en\\\/leistungsspektrum\\\/zahnaerztliche-chirurgie\\\/#breadcrumb\",\"itemListElement\":[{\"@type\":\"ListItem\",\"position\":1,\"name\":\"Home\",\"item\":\"https:\\\/\\\/www.kieferpraxis.de\\\/en\\\/\"},{\"@type\":\"ListItem\",\"position\":2,\"name\":\"Services\",\"item\":\"https:\\\/\\\/www.kieferpraxis.de\\\/en\\\/leistungsspektrum\\\/\"},{\"@type\":\"ListItem\",\"position\":3,\"name\":\"zahn\u00e4rztliche Chirurgie\"}]},{\"@type\":\"WebSite\",\"@id\":\"https:\\\/\\\/www.kieferpraxis.de\\\/en\\\/#website\",\"url\":\"https:\\\/\\\/www.kieferpraxis.de\\\/en\\\/\",\"name\":\"Oral and Maxillofacial Surgery Neuss | Dr. Walter Kaiser\",\"description\":\"Oral and Maxillofacial Surgery Neuss | Dr. Walter Kaiser\",\"potentialAction\":[{\"@type\":\"SearchAction\",\"target\":{\"@type\":\"EntryPoint\",\"urlTemplate\":\"https:\\\/\\\/www.kieferpraxis.de\\\/en\\\/?s={search_term_string}\"},\"query-input\":{\"@type\":\"PropertyValueSpecification\",\"valueRequired\":true,\"valueName\":\"search_term_string\"}}],\"inLanguage\":\"en-US\"}]}<\/script>\n<!-- \/ Yoast SEO plugin. -->","yoast_head_json":{"title":"Zahn\u00e4rztliche Chirurgie Neuss | Kieferchirurgie | Praxis Dr. Walther Kaiser","description":"Zahn\u00e4rztliche Chirurgie bei Ihrem MKG in Neuss | Wir beraten Sie individuell welche Behandlung f\u00fcr Sie sinnvoll ist | Beratungstermine unter 02131 \u2013 27 0 26","robots":{"index":"index","follow":"follow","max-snippet":"max-snippet:-1","max-image-preview":"max-image-preview:large","max-video-preview":"max-video-preview:-1"},"canonical":"https:\/\/www.kieferpraxis.de\/en\/leistungsspektrum\/zahnaerztliche-chirurgie\/","og_locale":"en_US","og_type":"article","og_title":"Zahn\u00e4rztliche Chirurgie Neuss | Kieferchirurgie | Praxis Dr. Walther Kaiser","og_description":"Zahn\u00e4rztliche Chirurgie bei Ihrem MKG in Neuss | Wir beraten Sie individuell welche Behandlung f\u00fcr Sie sinnvoll ist | Beratungstermine unter 02131 \u2013 27 0 26","og_url":"https:\/\/www.kieferpraxis.de\/en\/leistungsspektrum\/zahnaerztliche-chirurgie\/","og_site_name":"Oral and Maxillofacial Surgery Neuss | Dr. Walter Kaiser","article_modified_time":"2020-06-19T07:59:04+00:00","twitter_card":"summary_large_image","twitter_misc":{"Est. reading time":"5 minutes"},"schema":{"@context":"https:\/\/schema.org","@graph":[{"@type":"WebPage","@id":"https:\/\/www.kieferpraxis.de\/en\/leistungsspektrum\/zahnaerztliche-chirurgie\/","url":"https:\/\/www.kieferpraxis.de\/en\/leistungsspektrum\/zahnaerztliche-chirurgie\/","name":"Zahn\u00e4rztliche Chirurgie Neuss | Kieferchirurgie | Praxis Dr. Walther Kaiser","isPartOf":{"@id":"https:\/\/www.kieferpraxis.de\/en\/#website"},"datePublished":"2017-02-09T14:02:02+00:00","dateModified":"2020-06-19T07:59:04+00:00","description":"Zahn\u00e4rztliche Chirurgie bei Ihrem MKG in Neuss | Wir beraten Sie individuell welche Behandlung f\u00fcr Sie sinnvoll ist | Beratungstermine unter 02131 \u2013 27 0 26","breadcrumb":{"@id":"https:\/\/www.kieferpraxis.de\/en\/leistungsspektrum\/zahnaerztliche-chirurgie\/#breadcrumb"},"inLanguage":"en-US","potentialAction":[{"@type":"ReadAction","target":[["https:\/\/www.kieferpraxis.de\/en\/leistungsspektrum\/zahnaerztliche-chirurgie\/"]]}]},{"@type":"BreadcrumbList","@id":"https:\/\/www.kieferpraxis.de\/en\/leistungsspektrum\/zahnaerztliche-chirurgie\/#breadcrumb","itemListElement":[{"@type":"ListItem","position":1,"name":"Home","item":"https:\/\/www.kieferpraxis.de\/en\/"},{"@type":"ListItem","position":2,"name":"Services","item":"https:\/\/www.kieferpraxis.de\/en\/leistungsspektrum\/"},{"@type":"ListItem","position":3,"name":"zahn\u00e4rztliche Chirurgie"}]},{"@type":"WebSite","@id":"https:\/\/www.kieferpraxis.de\/en\/#website","url":"https:\/\/www.kieferpraxis.de\/en\/","name":"Oral and Maxillofacial Surgery Neuss | Dr. Walter Kaiser","description":"Oral and Maxillofacial Surgery Neuss | Dr. Walter Kaiser","potentialAction":[{"@type":"SearchAction","target":{"@type":"EntryPoint","urlTemplate":"https:\/\/www.kieferpraxis.de\/en\/?s={search_term_string}"},"query-input":{"@type":"PropertyValueSpecification","valueRequired":true,"valueName":"search_term_string"}}],"inLanguage":"en-US"}]}},"_links":{"self":[{"href":"https:\/\/www.kieferpraxis.de\/en\/wp-json\/wp\/v2\/pages\/21","targetHints":{"allow":["GET"]}}],"collection":[{"href":"https:\/\/www.kieferpraxis.de\/en\/wp-json\/wp\/v2\/pages"}],"about":[{"href":"https:\/\/www.kieferpraxis.de\/en\/wp-json\/wp\/v2\/types\/page"}],"author":[{"embeddable":true,"href":"https:\/\/www.kieferpraxis.de\/en\/wp-json\/wp\/v2\/users\/1"}],"replies":[{"embeddable":true,"href":"https:\/\/www.kieferpraxis.de\/en\/wp-json\/wp\/v2\/comments?post=21"}],"version-history":[{"count":0,"href":"https:\/\/www.kieferpraxis.de\/en\/wp-json\/wp\/v2\/pages\/21\/revisions"}],"up":[{"embeddable":true,"href":"https:\/\/www.kieferpraxis.de\/en\/wp-json\/wp\/v2\/pages\/16"}],"wp:attachment":[{"href":"https:\/\/www.kieferpraxis.de\/en\/wp-json\/wp\/v2\/media?parent=21"}],"curies":[{"name":"wp","href":"https:\/\/api.w.org\/{rel}","templated":true}]}}