{"id":32,"date":"2017-02-09T15:37:02","date_gmt":"2017-02-09T14:37:02","guid":{"rendered":"http:\/\/neu.kieferpraxis.de\/?page_id=32"},"modified":"2020-08-18T14:46:12","modified_gmt":"2020-08-18T12:46:12","slug":"praeprothetische-chirurgie","status":"publish","type":"page","link":"https:\/\/www.kieferpraxis.de\/en\/leistungsspektrum\/praeprothetische-chirurgie\/","title":{"rendered":"Pre-prosthetic surgery"},"content":{"rendered":"<p><\/p>\n<h1>Pre-prosthetic surgery<\/h1>\n<p>For various reasons the condition in your oral cavity may have to be improved surgically before high-quality dentures or bridgework can be inserted. This may require soft tissue or hard tissue (bone) surgery. Soft tissue surgery involves the gums and the mucous membranes of the mouth, whereas hard tissue surgery involves manipulation or augmentation of bone. Come and see us so that we can tell you what you need and what we can do for you!<\/p>","protected":false},"excerpt":{"rendered":"Pre-prosthetic surgery For various reasons the condition in your oral cavity may have to be improved surgically before high-quality dentures or bridgework can be inserted. This may require soft tissue or hard tissue (bone) surgery. Soft tissue surgery involves the gums and the mucous membranes of the mouth, whereas hard tissue surgery involves manipulation or [&hellip;]","protected":false},"author":1,"featured_media":0,"parent":16,"menu_order":0,"comment_status":"closed","ping_status":"closed","template":"","meta":{"footnotes":""},"class_list":["post-32","page","type-page","status-publish","hentry"],"yoast_head":"<!-- This site is optimized with the Yoast SEO plugin v27.5 - https:\/\/yoast.com\/product\/yoast-seo-wordpress\/ -->\n<title>Pr\u00e4prothetische Chirurgie Neuss | Kieferchirurgie | Praxis Dr. Walter Kaiser<\/title>\n<meta name=\"description\" content=\"Pr\u00e4prothetische Chirurgie in Neuss | Wir beraten Sie gerne ausf\u00fchrlich zu den M\u00f6glichkeiten Ihre Zahnsituation zu verbessern | Vereinbaren Sie einen Termin\" \/>\n<meta name=\"robots\" content=\"index, follow, max-snippet:-1, max-image-preview:large, max-video-preview:-1\" \/>\n<link rel=\"canonical\" href=\"https:\/\/www.kieferpraxis.de\/en\/leistungsspektrum\/praeprothetische-chirurgie\/\" \/>\n<meta property=\"og:locale\" content=\"en_US\" \/>\n<meta property=\"og:type\" content=\"article\" \/>\n<meta property=\"og:title\" content=\"Pr\u00e4prothetische Chirurgie Neuss | Kieferchirurgie | Praxis Dr. Walter Kaiser\" \/>\n<meta property=\"og:description\" content=\"Pr\u00e4prothetische Chirurgie in Neuss | Wir beraten Sie gerne ausf\u00fchrlich zu den M\u00f6glichkeiten Ihre Zahnsituation zu verbessern | Vereinbaren Sie einen Termin\" \/>\n<meta property=\"og:url\" content=\"https:\/\/www.kieferpraxis.de\/en\/leistungsspektrum\/praeprothetische-chirurgie\/\" \/>\n<meta property=\"og:site_name\" content=\"Oral and Maxillofacial Surgery Neuss | Dr. Walter Kaiser\" \/>\n<meta property=\"article:modified_time\" content=\"2020-08-18T12:46:12+00:00\" \/>\n<meta name=\"twitter:card\" content=\"summary_large_image\" \/>\n<meta name=\"twitter:label1\" content=\"Est. reading time\" \/>\n\t<meta name=\"twitter:data1\" content=\"1 minute\" \/>\n<script type=\"application\/ld+json\" class=\"yoast-schema-graph\">{\"@context\":\"https:\\\/\\\/schema.org\",\"@graph\":[{\"@type\":\"WebPage\",\"@id\":\"https:\\\/\\\/www.kieferpraxis.de\\\/en\\\/leistungsspektrum\\\/praeprothetische-chirurgie\\\/\",\"url\":\"https:\\\/\\\/www.kieferpraxis.de\\\/en\\\/leistungsspektrum\\\/praeprothetische-chirurgie\\\/\",\"name\":\"Pr\u00e4prothetische Chirurgie Neuss | Kieferchirurgie | Praxis Dr. Walter Kaiser\",\"isPartOf\":{\"@id\":\"https:\\\/\\\/www.kieferpraxis.de\\\/en\\\/#website\"},\"datePublished\":\"2017-02-09T14:37:02+00:00\",\"dateModified\":\"2020-08-18T12:46:12+00:00\",\"description\":\"Pr\u00e4prothetische Chirurgie in Neuss | Wir beraten Sie gerne ausf\u00fchrlich zu den M\u00f6glichkeiten Ihre Zahnsituation zu verbessern | Vereinbaren Sie einen Termin\",\"breadcrumb\":{\"@id\":\"https:\\\/\\\/www.kieferpraxis.de\\\/en\\\/leistungsspektrum\\\/praeprothetische-chirurgie\\\/#breadcrumb\"},\"inLanguage\":\"en-US\",\"potentialAction\":[{\"@type\":\"ReadAction\",\"target\":[[\"https:\\\/\\\/www.kieferpraxis.de\\\/en\\\/leistungsspektrum\\\/praeprothetische-chirurgie\\\/\"]]}]},{\"@type\":\"BreadcrumbList\",\"@id\":\"https:\\\/\\\/www.kieferpraxis.de\\\/en\\\/leistungsspektrum\\\/praeprothetische-chirurgie\\\/#breadcrumb\",\"itemListElement\":[{\"@type\":\"ListItem\",\"position\":1,\"name\":\"Home\",\"item\":\"https:\\\/\\\/www.kieferpraxis.de\\\/en\\\/\"},{\"@type\":\"ListItem\",\"position\":2,\"name\":\"Services\",\"item\":\"https:\\\/\\\/www.kieferpraxis.de\\\/en\\\/leistungsspektrum\\\/\"},{\"@type\":\"ListItem\",\"position\":3,\"name\":\"Pr\u00e4prothetische Chirurgie\"}]},{\"@type\":\"WebSite\",\"@id\":\"https:\\\/\\\/www.kieferpraxis.de\\\/en\\\/#website\",\"url\":\"https:\\\/\\\/www.kieferpraxis.de\\\/en\\\/\",\"name\":\"Oral and Maxillofacial Surgery Neuss | Dr. Walter Kaiser\",\"description\":\"Oral and Maxillofacial Surgery Neuss | Dr. Walter Kaiser\",\"potentialAction\":[{\"@type\":\"SearchAction\",\"target\":{\"@type\":\"EntryPoint\",\"urlTemplate\":\"https:\\\/\\\/www.kieferpraxis.de\\\/en\\\/?s={search_term_string}\"},\"query-input\":{\"@type\":\"PropertyValueSpecification\",\"valueRequired\":true,\"valueName\":\"search_term_string\"}}],\"inLanguage\":\"en-US\"}]}<\/script>\n<!-- \/ Yoast SEO plugin. -->","yoast_head_json":{"title":"Pr\u00e4prothetische Chirurgie Neuss | Kieferchirurgie | Praxis Dr. Walter Kaiser","description":"Pr\u00e4prothetische Chirurgie in Neuss | Wir beraten Sie gerne ausf\u00fchrlich zu den M\u00f6glichkeiten Ihre Zahnsituation zu verbessern | Vereinbaren Sie einen Termin","robots":{"index":"index","follow":"follow","max-snippet":"max-snippet:-1","max-image-preview":"max-image-preview:large","max-video-preview":"max-video-preview:-1"},"canonical":"https:\/\/www.kieferpraxis.de\/en\/leistungsspektrum\/praeprothetische-chirurgie\/","og_locale":"en_US","og_type":"article","og_title":"Pr\u00e4prothetische Chirurgie Neuss | Kieferchirurgie | Praxis Dr. Walter Kaiser","og_description":"Pr\u00e4prothetische Chirurgie in Neuss | Wir beraten Sie gerne ausf\u00fchrlich zu den M\u00f6glichkeiten Ihre Zahnsituation zu verbessern | Vereinbaren Sie einen Termin","og_url":"https:\/\/www.kieferpraxis.de\/en\/leistungsspektrum\/praeprothetische-chirurgie\/","og_site_name":"Oral and Maxillofacial Surgery Neuss | Dr. Walter Kaiser","article_modified_time":"2020-08-18T12:46:12+00:00","twitter_card":"summary_large_image","twitter_misc":{"Est. reading time":"1 minute"},"schema":{"@context":"https:\/\/schema.org","@graph":[{"@type":"WebPage","@id":"https:\/\/www.kieferpraxis.de\/en\/leistungsspektrum\/praeprothetische-chirurgie\/","url":"https:\/\/www.kieferpraxis.de\/en\/leistungsspektrum\/praeprothetische-chirurgie\/","name":"Pr\u00e4prothetische Chirurgie Neuss | Kieferchirurgie | Praxis Dr. Walter Kaiser","isPartOf":{"@id":"https:\/\/www.kieferpraxis.de\/en\/#website"},"datePublished":"2017-02-09T14:37:02+00:00","dateModified":"2020-08-18T12:46:12+00:00","description":"Pr\u00e4prothetische Chirurgie in Neuss | Wir beraten Sie gerne ausf\u00fchrlich zu den M\u00f6glichkeiten Ihre Zahnsituation zu verbessern | Vereinbaren Sie einen Termin","breadcrumb":{"@id":"https:\/\/www.kieferpraxis.de\/en\/leistungsspektrum\/praeprothetische-chirurgie\/#breadcrumb"},"inLanguage":"en-US","potentialAction":[{"@type":"ReadAction","target":[["https:\/\/www.kieferpraxis.de\/en\/leistungsspektrum\/praeprothetische-chirurgie\/"]]}]},{"@type":"BreadcrumbList","@id":"https:\/\/www.kieferpraxis.de\/en\/leistungsspektrum\/praeprothetische-chirurgie\/#breadcrumb","itemListElement":[{"@type":"ListItem","position":1,"name":"Home","item":"https:\/\/www.kieferpraxis.de\/en\/"},{"@type":"ListItem","position":2,"name":"Services","item":"https:\/\/www.kieferpraxis.de\/en\/leistungsspektrum\/"},{"@type":"ListItem","position":3,"name":"Pr\u00e4prothetische Chirurgie"}]},{"@type":"WebSite","@id":"https:\/\/www.kieferpraxis.de\/en\/#website","url":"https:\/\/www.kieferpraxis.de\/en\/","name":"Oral and Maxillofacial Surgery Neuss | Dr. Walter Kaiser","description":"Oral and Maxillofacial Surgery Neuss | Dr. Walter Kaiser","potentialAction":[{"@type":"SearchAction","target":{"@type":"EntryPoint","urlTemplate":"https:\/\/www.kieferpraxis.de\/en\/?s={search_term_string}"},"query-input":{"@type":"PropertyValueSpecification","valueRequired":true,"valueName":"search_term_string"}}],"inLanguage":"en-US"}]}},"_links":{"self":[{"href":"https:\/\/www.kieferpraxis.de\/en\/wp-json\/wp\/v2\/pages\/32","targetHints":{"allow":["GET"]}}],"collection":[{"href":"https:\/\/www.kieferpraxis.de\/en\/wp-json\/wp\/v2\/pages"}],"about":[{"href":"https:\/\/www.kieferpraxis.de\/en\/wp-json\/wp\/v2\/types\/page"}],"author":[{"embeddable":true,"href":"https:\/\/www.kieferpraxis.de\/en\/wp-json\/wp\/v2\/users\/1"}],"replies":[{"embeddable":true,"href":"https:\/\/www.kieferpraxis.de\/en\/wp-json\/wp\/v2\/comments?post=32"}],"version-history":[{"count":0,"href":"https:\/\/www.kieferpraxis.de\/en\/wp-json\/wp\/v2\/pages\/32\/revisions"}],"up":[{"embeddable":true,"href":"https:\/\/www.kieferpraxis.de\/en\/wp-json\/wp\/v2\/pages\/16"}],"wp:attachment":[{"href":"https:\/\/www.kieferpraxis.de\/en\/wp-json\/wp\/v2\/media?parent=32"}],"curies":[{"name":"wp","href":"https:\/\/api.w.org\/{rel}","templated":true}]}}