{"id":43,"date":"2017-02-09T16:01:16","date_gmt":"2017-02-09T15:01:16","guid":{"rendered":"http:\/\/neu.kieferpraxis.de\/?page_id=43"},"modified":"2020-08-18T14:45:58","modified_gmt":"2020-08-18T12:45:58","slug":"postoperative-nachsorge","status":"publish","type":"page","link":"https:\/\/www.kieferpraxis.de\/en\/leistungsspektrum\/postoperative-nachsorge\/","title":{"rendered":"Postoperative care"},"content":{"rendered":"<p><\/p>\n<h1>Postoperative care<\/h1>\n<p>Do\u00b4s and don\u00b4ts after oral and maxillofacial surgery<\/p>\n<p>When you underwent oral and maxillofacial surgery, you may experience wound pain once the anesthetic action has subsided or some time later. Your cheeks, eyelids or chin may be swollen, you may have trouble opening your mouth or swallowing. Your saliva will be reddish for some days, and the skin of your face and neck may be discolored. Swelling tends to be most pronounced 2 to 3 days following surgery. This is perfectly normal and in no way alarming.<\/p>\n<p>To <b>prevent complications<\/b>, please make sure to stick to the following instructions:<\/p>\n<p>1. Do not drive a vehicle after surgery.<br \/>\n2. Do not eat or drink as long as the anesthetic works.<br \/>\n3. Avoid strenuous physical activity and abstain from sports for some days.<br \/>\n4. Avoid nicotine and alcohol in the first few days of wound healing.<br \/>\n5. If a <b>bite swab<\/b> was placed on the wound, remove it after about 1 hour.<br \/>\n6. If you start bleeding, put another swab (gauze or a fabric handkerchief) on the wound and keep your teeth clenched for at least 1 hour. Reddish saliva is normal in the first few days, particularly after you brush your teeth.<br \/>\n7. For <b>oral hygiene<\/b> start cleaning your teeth, including those operated on, with a soft tooth brush (e.g. Oral-B soft brush for children) one day after surgery. Do not apply toothpaste to the wound in the first few days and do not rinse your mouth in the first 24 hours after surgery. Do not use mechanical mouth rinsing devices until a few days after the sutures are drawn and you have talked about it with your dentist.<br \/>\n8. Apply <b>cold packs<\/b> or an equivalent to the soft tissues of the cheeks and face for 2 to 3 days after surgery to prevent swelling.<br \/>\n9. Eat a diet rich in nutrients in the first few days and avoid milk during the first 24 hours.<br \/>\n10. Take <b>antibiotics<\/b> (e.g. penicillin) strictly as prescribed to maintain a constant blood level. If you do not tolerate them, please contact us. When <b>nasal sprays<\/b> are prescribed, use them approximately every 6 hours. Take <b>painkillers<\/b> as needed. <\/p>","protected":false},"excerpt":{"rendered":"Postoperative care Do\u00b4s and don\u00b4ts after oral and maxillofacial surgery When you underwent oral and maxillofacial surgery, you may experience wound pain once the anesthetic action has subsided or some time later. Your cheeks, eyelids or chin may be swollen, you may have trouble opening your mouth or swallowing. Your saliva will be reddish for [&hellip;]","protected":false},"author":1,"featured_media":0,"parent":16,"menu_order":0,"comment_status":"closed","ping_status":"closed","template":"","meta":{"footnotes":""},"class_list":["post-43","page","type-page","status-publish","hentry"],"yoast_head":"<!-- This site is optimized with the Yoast SEO plugin v27.5 - https:\/\/yoast.com\/product\/yoast-seo-wordpress\/ -->\n<title>Postoperative Nachsorge | MKG Neuss | Praxis Dr. Walter Kaiser<\/title>\n<meta name=\"description\" content=\"Postoperative Nachsorge bei Ihrem MKG in Neuss | Kieferchirurgie | N\u00fctzliche Informationen und Ratschl\u00e4ge f\u00fcr die Zeit nach Ihrer Behandlung bei uns\" \/>\n<meta name=\"robots\" content=\"index, follow, max-snippet:-1, max-image-preview:large, max-video-preview:-1\" \/>\n<link rel=\"canonical\" href=\"https:\/\/www.kieferpraxis.de\/en\/leistungsspektrum\/postoperative-nachsorge\/\" \/>\n<meta property=\"og:locale\" content=\"en_US\" \/>\n<meta property=\"og:type\" content=\"article\" \/>\n<meta property=\"og:title\" content=\"Postoperative Nachsorge | MKG Neuss | Praxis Dr. Walter Kaiser\" \/>\n<meta property=\"og:description\" content=\"Postoperative Nachsorge bei Ihrem MKG in Neuss | Kieferchirurgie | N\u00fctzliche Informationen und Ratschl\u00e4ge f\u00fcr die Zeit nach Ihrer Behandlung bei uns\" \/>\n<meta property=\"og:url\" content=\"https:\/\/www.kieferpraxis.de\/en\/leistungsspektrum\/postoperative-nachsorge\/\" \/>\n<meta property=\"og:site_name\" content=\"Oral and Maxillofacial Surgery Neuss | Dr. Walter Kaiser\" \/>\n<meta property=\"article:modified_time\" content=\"2020-08-18T12:45:58+00:00\" \/>\n<meta name=\"twitter:card\" content=\"summary_large_image\" \/>\n<meta name=\"twitter:label1\" content=\"Est. reading time\" \/>\n\t<meta name=\"twitter:data1\" content=\"4 minutes\" \/>\n<script type=\"application\/ld+json\" class=\"yoast-schema-graph\">{\"@context\":\"https:\\\/\\\/schema.org\",\"@graph\":[{\"@type\":\"WebPage\",\"@id\":\"https:\\\/\\\/www.kieferpraxis.de\\\/en\\\/leistungsspektrum\\\/postoperative-nachsorge\\\/\",\"url\":\"https:\\\/\\\/www.kieferpraxis.de\\\/en\\\/leistungsspektrum\\\/postoperative-nachsorge\\\/\",\"name\":\"Postoperative Nachsorge | MKG Neuss | Praxis Dr. Walter Kaiser\",\"isPartOf\":{\"@id\":\"https:\\\/\\\/www.kieferpraxis.de\\\/en\\\/#website\"},\"datePublished\":\"2017-02-09T15:01:16+00:00\",\"dateModified\":\"2020-08-18T12:45:58+00:00\",\"description\":\"Postoperative Nachsorge bei Ihrem MKG in Neuss | Kieferchirurgie | N\u00fctzliche Informationen und Ratschl\u00e4ge f\u00fcr die Zeit nach Ihrer Behandlung bei uns\",\"breadcrumb\":{\"@id\":\"https:\\\/\\\/www.kieferpraxis.de\\\/en\\\/leistungsspektrum\\\/postoperative-nachsorge\\\/#breadcrumb\"},\"inLanguage\":\"en-US\",\"potentialAction\":[{\"@type\":\"ReadAction\",\"target\":[[\"https:\\\/\\\/www.kieferpraxis.de\\\/en\\\/leistungsspektrum\\\/postoperative-nachsorge\\\/\"]]}]},{\"@type\":\"BreadcrumbList\",\"@id\":\"https:\\\/\\\/www.kieferpraxis.de\\\/en\\\/leistungsspektrum\\\/postoperative-nachsorge\\\/#breadcrumb\",\"itemListElement\":[{\"@type\":\"ListItem\",\"position\":1,\"name\":\"Home\",\"item\":\"https:\\\/\\\/www.kieferpraxis.de\\\/en\\\/\"},{\"@type\":\"ListItem\",\"position\":2,\"name\":\"Services\",\"item\":\"https:\\\/\\\/www.kieferpraxis.de\\\/en\\\/leistungsspektrum\\\/\"},{\"@type\":\"ListItem\",\"position\":3,\"name\":\"Postoperative Nachsorge\"}]},{\"@type\":\"WebSite\",\"@id\":\"https:\\\/\\\/www.kieferpraxis.de\\\/en\\\/#website\",\"url\":\"https:\\\/\\\/www.kieferpraxis.de\\\/en\\\/\",\"name\":\"Oral and Maxillofacial Surgery Neuss | Dr. Walter Kaiser\",\"description\":\"Oral and Maxillofacial Surgery Neuss | Dr. Walter Kaiser\",\"potentialAction\":[{\"@type\":\"SearchAction\",\"target\":{\"@type\":\"EntryPoint\",\"urlTemplate\":\"https:\\\/\\\/www.kieferpraxis.de\\\/en\\\/?s={search_term_string}\"},\"query-input\":{\"@type\":\"PropertyValueSpecification\",\"valueRequired\":true,\"valueName\":\"search_term_string\"}}],\"inLanguage\":\"en-US\"}]}<\/script>\n<!-- \/ Yoast SEO plugin. -->","yoast_head_json":{"title":"Postoperative Nachsorge | MKG Neuss | Praxis Dr. Walter Kaiser","description":"Postoperative Nachsorge bei Ihrem MKG in Neuss | Kieferchirurgie | N\u00fctzliche Informationen und Ratschl\u00e4ge f\u00fcr die Zeit nach Ihrer Behandlung bei uns","robots":{"index":"index","follow":"follow","max-snippet":"max-snippet:-1","max-image-preview":"max-image-preview:large","max-video-preview":"max-video-preview:-1"},"canonical":"https:\/\/www.kieferpraxis.de\/en\/leistungsspektrum\/postoperative-nachsorge\/","og_locale":"en_US","og_type":"article","og_title":"Postoperative Nachsorge | MKG Neuss | Praxis Dr. Walter Kaiser","og_description":"Postoperative Nachsorge bei Ihrem MKG in Neuss | Kieferchirurgie | N\u00fctzliche Informationen und Ratschl\u00e4ge f\u00fcr die Zeit nach Ihrer Behandlung bei uns","og_url":"https:\/\/www.kieferpraxis.de\/en\/leistungsspektrum\/postoperative-nachsorge\/","og_site_name":"Oral and Maxillofacial Surgery Neuss | Dr. Walter Kaiser","article_modified_time":"2020-08-18T12:45:58+00:00","twitter_card":"summary_large_image","twitter_misc":{"Est. reading time":"4 minutes"},"schema":{"@context":"https:\/\/schema.org","@graph":[{"@type":"WebPage","@id":"https:\/\/www.kieferpraxis.de\/en\/leistungsspektrum\/postoperative-nachsorge\/","url":"https:\/\/www.kieferpraxis.de\/en\/leistungsspektrum\/postoperative-nachsorge\/","name":"Postoperative Nachsorge | MKG Neuss | Praxis Dr. Walter Kaiser","isPartOf":{"@id":"https:\/\/www.kieferpraxis.de\/en\/#website"},"datePublished":"2017-02-09T15:01:16+00:00","dateModified":"2020-08-18T12:45:58+00:00","description":"Postoperative Nachsorge bei Ihrem MKG in Neuss | Kieferchirurgie | N\u00fctzliche Informationen und Ratschl\u00e4ge f\u00fcr die Zeit nach Ihrer Behandlung bei uns","breadcrumb":{"@id":"https:\/\/www.kieferpraxis.de\/en\/leistungsspektrum\/postoperative-nachsorge\/#breadcrumb"},"inLanguage":"en-US","potentialAction":[{"@type":"ReadAction","target":[["https:\/\/www.kieferpraxis.de\/en\/leistungsspektrum\/postoperative-nachsorge\/"]]}]},{"@type":"BreadcrumbList","@id":"https:\/\/www.kieferpraxis.de\/en\/leistungsspektrum\/postoperative-nachsorge\/#breadcrumb","itemListElement":[{"@type":"ListItem","position":1,"name":"Home","item":"https:\/\/www.kieferpraxis.de\/en\/"},{"@type":"ListItem","position":2,"name":"Services","item":"https:\/\/www.kieferpraxis.de\/en\/leistungsspektrum\/"},{"@type":"ListItem","position":3,"name":"Postoperative Nachsorge"}]},{"@type":"WebSite","@id":"https:\/\/www.kieferpraxis.de\/en\/#website","url":"https:\/\/www.kieferpraxis.de\/en\/","name":"Oral and Maxillofacial Surgery Neuss | Dr. Walter Kaiser","description":"Oral and Maxillofacial Surgery Neuss | Dr. Walter Kaiser","potentialAction":[{"@type":"SearchAction","target":{"@type":"EntryPoint","urlTemplate":"https:\/\/www.kieferpraxis.de\/en\/?s={search_term_string}"},"query-input":{"@type":"PropertyValueSpecification","valueRequired":true,"valueName":"search_term_string"}}],"inLanguage":"en-US"}]}},"_links":{"self":[{"href":"https:\/\/www.kieferpraxis.de\/en\/wp-json\/wp\/v2\/pages\/43","targetHints":{"allow":["GET"]}}],"collection":[{"href":"https:\/\/www.kieferpraxis.de\/en\/wp-json\/wp\/v2\/pages"}],"about":[{"href":"https:\/\/www.kieferpraxis.de\/en\/wp-json\/wp\/v2\/types\/page"}],"author":[{"embeddable":true,"href":"https:\/\/www.kieferpraxis.de\/en\/wp-json\/wp\/v2\/users\/1"}],"replies":[{"embeddable":true,"href":"https:\/\/www.kieferpraxis.de\/en\/wp-json\/wp\/v2\/comments?post=43"}],"version-history":[{"count":0,"href":"https:\/\/www.kieferpraxis.de\/en\/wp-json\/wp\/v2\/pages\/43\/revisions"}],"up":[{"embeddable":true,"href":"https:\/\/www.kieferpraxis.de\/en\/wp-json\/wp\/v2\/pages\/16"}],"wp:attachment":[{"href":"https:\/\/www.kieferpraxis.de\/en\/wp-json\/wp\/v2\/media?parent=43"}],"curies":[{"name":"wp","href":"https:\/\/api.w.org\/{rel}","templated":true}]}}