{"id":59,"date":"2017-02-09T16:44:17","date_gmt":"2017-02-09T15:44:17","guid":{"rendered":"http:\/\/neu.kieferpraxis.de\/?page_id=59"},"modified":"2020-06-19T10:08:56","modified_gmt":"2020-06-19T08:08:56","slug":"partner-und-links","status":"publish","type":"page","link":"https:\/\/www.kieferpraxis.de\/en\/partner-und-links\/","title":{"rendered":"Partner and links"},"content":{"rendered":"<p><\/p>\n<h1>Partner and links<\/h1>\n<p>Neue Gruppe, Wissenschaftliche Gesellschaft von Zahn\u00e4rzten<br \/>\nwww.neue-gruppe.com<\/p>\n<p>Race across America RAAM MAXMO Team<br \/>\nwww.raam2015.de<\/p>\n<p>Deutsche Gesellschaft f\u00fcr Mund- Kiefer- Gesichtschirurgie<br \/>\nwww.mkg-chirurgie.de<\/p>\n<p>Deutsche Gesellschaft f\u00fcr Zahn-, Mund- und Kieferheilkunde<br \/>\nwww.dgzmk.de<\/p>\n<p>Deutsche Gesellschaft f\u00fcr Implantologie im Zahn-, Mund- und Kieferbereich<br \/>\nwww.dgi-ev.de<\/p>\n<p>Deutsche Gesellschaft f\u00fcr Parodontologie e.V.<br \/>\nwww.dgparo.de<\/p>\n<p>Deutsche Gesellschaft f\u00fcr Zahn\u00e4rztliche Implantologie e.V.<br \/>\nwww.dgzi.de<\/p>\n<p>Neusser Zahn\u00e4rzte Gemeinschaft<br \/>\nwww.nzg-neuss.de<\/p>\n<p>Zahn\u00e4rztin Julia Kaiser<br \/>\nwww.zahnarztpraxis-kanalstrasse.de<\/p>\n<p>Arbeitsgemeinschaft f\u00fcr Kieferchirurgie in der DGZMK<br \/>\nwww.ag-kiefer.de<\/p>\n<p>American Association of Oral &#038; Maxillofacial Surgeons<br \/>\nwww.aaoms.org<\/p>\n<p>American Academy of Periodontology<br \/>\nwww.perio.org<\/p>\n<p>American Academy of Osseointegration<br \/>\nwww.osseo.org <\/p>\n<p>American Association of Endodontists<br \/>\nwww.aae.org<\/p>\n<p>European Association for Osseointegration<br \/>\nwww.eao.org<\/p>\n<p>European Association for Cranio-Maxillofacial Surgery<br \/>\nwww.eacmfs.org<\/p>\n<p>Zahnarztpraxis Dr. Sadean<br \/>\nwww.sadean.de<\/p>\n<p>Das Portal www.zahnimplantate-arztsuche.de<br \/>\nwww.zahnimplantate-arztsuche.de<\/p>\n<p>Das Patienten-Portal PlusPatient<br \/>\nwww.pluspatient.de<\/p>\n<p>Das Portal www.cmd-arztsuche.de<br \/>\nwww.cmd-arztsuche.de<\/p>","protected":false},"excerpt":{"rendered":"Partner and links Neue Gruppe, Wissenschaftliche Gesellschaft von Zahn\u00e4rzten www.neue-gruppe.com Race across America RAAM MAXMO Team www.raam2015.de Deutsche Gesellschaft f\u00fcr Mund- Kiefer- Gesichtschirurgie www.mkg-chirurgie.de Deutsche Gesellschaft f\u00fcr Zahn-, Mund- und Kieferheilkunde www.dgzmk.de Deutsche Gesellschaft f\u00fcr Implantologie im Zahn-, Mund- und Kieferbereich www.dgi-ev.de Deutsche Gesellschaft f\u00fcr Parodontologie e.V. www.dgparo.de Deutsche Gesellschaft f\u00fcr Zahn\u00e4rztliche Implantologie e.V. www.dgzi.de [&hellip;]","protected":false},"author":1,"featured_media":0,"parent":0,"menu_order":0,"comment_status":"closed","ping_status":"closed","template":"","meta":{"footnotes":""},"class_list":["post-59","page","type-page","status-publish","hentry"],"yoast_head":"<!-- This site is optimized with the Yoast SEO plugin v27.5 - https:\/\/yoast.com\/product\/yoast-seo-wordpress\/ -->\n<title>Partner und Links | Kieferchirurgie Neuss | MKG | Praxis Dr. Walter Kaiser<\/title>\n<meta name=\"description\" content=\"Kieferchirurgie in Neuss | Hier finden Sie alle Links und Informationen zu unseren Partnern | Wir freuen uns auf Sie | MKG Walter Kaiser\" \/>\n<meta name=\"robots\" content=\"index, follow, max-snippet:-1, max-image-preview:large, max-video-preview:-1\" \/>\n<link rel=\"canonical\" href=\"https:\/\/www.kieferpraxis.de\/en\/partner-und-links\/\" \/>\n<meta property=\"og:locale\" content=\"en_US\" \/>\n<meta property=\"og:type\" content=\"article\" \/>\n<meta property=\"og:title\" content=\"Partner und Links | Kieferchirurgie Neuss | MKG | Praxis Dr. Walter Kaiser\" \/>\n<meta property=\"og:description\" content=\"Kieferchirurgie in Neuss | Hier finden Sie alle Links und Informationen zu unseren Partnern | Wir freuen uns auf Sie | MKG Walter Kaiser\" \/>\n<meta property=\"og:url\" content=\"https:\/\/www.kieferpraxis.de\/en\/partner-und-links\/\" \/>\n<meta property=\"og:site_name\" content=\"Oral and Maxillofacial Surgery Neuss | Dr. Walter Kaiser\" \/>\n<meta property=\"article:modified_time\" content=\"2020-06-19T08:08:56+00:00\" \/>\n<meta name=\"twitter:card\" content=\"summary_large_image\" \/>\n<meta name=\"twitter:label1\" content=\"Est. reading time\" \/>\n\t<meta name=\"twitter:data1\" content=\"2 minutes\" \/>\n<script type=\"application\/ld+json\" class=\"yoast-schema-graph\">{\"@context\":\"https:\\\/\\\/schema.org\",\"@graph\":[{\"@type\":\"WebPage\",\"@id\":\"https:\\\/\\\/www.kieferpraxis.de\\\/en\\\/partner-und-links\\\/\",\"url\":\"https:\\\/\\\/www.kieferpraxis.de\\\/en\\\/partner-und-links\\\/\",\"name\":\"Partner und Links | Kieferchirurgie Neuss | MKG | Praxis Dr. Walter Kaiser\",\"isPartOf\":{\"@id\":\"https:\\\/\\\/www.kieferpraxis.de\\\/en\\\/#website\"},\"datePublished\":\"2017-02-09T15:44:17+00:00\",\"dateModified\":\"2020-06-19T08:08:56+00:00\",\"description\":\"Kieferchirurgie in Neuss | Hier finden Sie alle Links und Informationen zu unseren Partnern | Wir freuen uns auf Sie | MKG Walter Kaiser\",\"breadcrumb\":{\"@id\":\"https:\\\/\\\/www.kieferpraxis.de\\\/en\\\/partner-und-links\\\/#breadcrumb\"},\"inLanguage\":\"en-US\",\"potentialAction\":[{\"@type\":\"ReadAction\",\"target\":[[\"https:\\\/\\\/www.kieferpraxis.de\\\/en\\\/partner-und-links\\\/\"]]}]},{\"@type\":\"BreadcrumbList\",\"@id\":\"https:\\\/\\\/www.kieferpraxis.de\\\/en\\\/partner-und-links\\\/#breadcrumb\",\"itemListElement\":[{\"@type\":\"ListItem\",\"position\":1,\"name\":\"Home\",\"item\":\"https:\\\/\\\/www.kieferpraxis.de\\\/en\\\/\"},{\"@type\":\"ListItem\",\"position\":2,\"name\":\"Partner und Links\"}]},{\"@type\":\"WebSite\",\"@id\":\"https:\\\/\\\/www.kieferpraxis.de\\\/en\\\/#website\",\"url\":\"https:\\\/\\\/www.kieferpraxis.de\\\/en\\\/\",\"name\":\"Oral and Maxillofacial Surgery Neuss | Dr. Walter Kaiser\",\"description\":\"Oral and Maxillofacial Surgery Neuss | Dr. Walter Kaiser\",\"potentialAction\":[{\"@type\":\"SearchAction\",\"target\":{\"@type\":\"EntryPoint\",\"urlTemplate\":\"https:\\\/\\\/www.kieferpraxis.de\\\/en\\\/?s={search_term_string}\"},\"query-input\":{\"@type\":\"PropertyValueSpecification\",\"valueRequired\":true,\"valueName\":\"search_term_string\"}}],\"inLanguage\":\"en-US\"}]}<\/script>\n<!-- \/ Yoast SEO plugin. -->","yoast_head_json":{"title":"Partner und Links | Kieferchirurgie Neuss | MKG | Praxis Dr. Walter Kaiser","description":"Kieferchirurgie in Neuss | Hier finden Sie alle Links und Informationen zu unseren Partnern | Wir freuen uns auf Sie | MKG Walter Kaiser","robots":{"index":"index","follow":"follow","max-snippet":"max-snippet:-1","max-image-preview":"max-image-preview:large","max-video-preview":"max-video-preview:-1"},"canonical":"https:\/\/www.kieferpraxis.de\/en\/partner-und-links\/","og_locale":"en_US","og_type":"article","og_title":"Partner und Links | Kieferchirurgie Neuss | MKG | Praxis Dr. Walter Kaiser","og_description":"Kieferchirurgie in Neuss | Hier finden Sie alle Links und Informationen zu unseren Partnern | Wir freuen uns auf Sie | MKG Walter Kaiser","og_url":"https:\/\/www.kieferpraxis.de\/en\/partner-und-links\/","og_site_name":"Oral and Maxillofacial Surgery Neuss | Dr. Walter Kaiser","article_modified_time":"2020-06-19T08:08:56+00:00","twitter_card":"summary_large_image","twitter_misc":{"Est. reading time":"2 minutes"},"schema":{"@context":"https:\/\/schema.org","@graph":[{"@type":"WebPage","@id":"https:\/\/www.kieferpraxis.de\/en\/partner-und-links\/","url":"https:\/\/www.kieferpraxis.de\/en\/partner-und-links\/","name":"Partner und Links | Kieferchirurgie Neuss | MKG | Praxis Dr. Walter Kaiser","isPartOf":{"@id":"https:\/\/www.kieferpraxis.de\/en\/#website"},"datePublished":"2017-02-09T15:44:17+00:00","dateModified":"2020-06-19T08:08:56+00:00","description":"Kieferchirurgie in Neuss | Hier finden Sie alle Links und Informationen zu unseren Partnern | Wir freuen uns auf Sie | MKG Walter Kaiser","breadcrumb":{"@id":"https:\/\/www.kieferpraxis.de\/en\/partner-und-links\/#breadcrumb"},"inLanguage":"en-US","potentialAction":[{"@type":"ReadAction","target":[["https:\/\/www.kieferpraxis.de\/en\/partner-und-links\/"]]}]},{"@type":"BreadcrumbList","@id":"https:\/\/www.kieferpraxis.de\/en\/partner-und-links\/#breadcrumb","itemListElement":[{"@type":"ListItem","position":1,"name":"Home","item":"https:\/\/www.kieferpraxis.de\/en\/"},{"@type":"ListItem","position":2,"name":"Partner und Links"}]},{"@type":"WebSite","@id":"https:\/\/www.kieferpraxis.de\/en\/#website","url":"https:\/\/www.kieferpraxis.de\/en\/","name":"Oral and Maxillofacial Surgery Neuss | Dr. Walter Kaiser","description":"Oral and Maxillofacial Surgery Neuss | Dr. Walter Kaiser","potentialAction":[{"@type":"SearchAction","target":{"@type":"EntryPoint","urlTemplate":"https:\/\/www.kieferpraxis.de\/en\/?s={search_term_string}"},"query-input":{"@type":"PropertyValueSpecification","valueRequired":true,"valueName":"search_term_string"}}],"inLanguage":"en-US"}]}},"_links":{"self":[{"href":"https:\/\/www.kieferpraxis.de\/en\/wp-json\/wp\/v2\/pages\/59","targetHints":{"allow":["GET"]}}],"collection":[{"href":"https:\/\/www.kieferpraxis.de\/en\/wp-json\/wp\/v2\/pages"}],"about":[{"href":"https:\/\/www.kieferpraxis.de\/en\/wp-json\/wp\/v2\/types\/page"}],"author":[{"embeddable":true,"href":"https:\/\/www.kieferpraxis.de\/en\/wp-json\/wp\/v2\/users\/1"}],"replies":[{"embeddable":true,"href":"https:\/\/www.kieferpraxis.de\/en\/wp-json\/wp\/v2\/comments?post=59"}],"version-history":[{"count":0,"href":"https:\/\/www.kieferpraxis.de\/en\/wp-json\/wp\/v2\/pages\/59\/revisions"}],"wp:attachment":[{"href":"https:\/\/www.kieferpraxis.de\/en\/wp-json\/wp\/v2\/media?parent=59"}],"curies":[{"name":"wp","href":"https:\/\/api.w.org\/{rel}","templated":true}]}}